{"id":9,"date":"2019-08-11T11:37:58","date_gmt":"2019-08-11T09:37:58","guid":{"rendered":"http:\/\/jyfouchecourt.fr\/wordpress\/?page_id=9"},"modified":"2025-05-29T15:54:27","modified_gmt":"2025-05-29T13:54:27","slug":"a-propos-de","status":"publish","type":"page","link":"https:\/\/www.sasl71.fr\/index.php\/a-propos-de\/","title":{"rendered":"\u00c0 propos de"},"content":{"rendered":"<p>Pour nous rejoindre et pouvoir vous plonger dans la nuit \u00e9toil\u00e9e, c\u2019est tr\u00e8s simple, une adh\u00e9sion vous permettra un acc\u00e8s \u00e0 toutes les soir\u00e9es organis\u00e9es.<\/p>\n<p>La consommation et la vente de boissons alcoolis\u00e9es sont interdites \u00e0 l&rsquo;observatoire.<\/p>\n<p>Il est interdit de fumer \u00e0 l&rsquo;int\u00e9rieur de l&rsquo;observatoire et pr\u00e8s des instruments ainsi que de chahuter sur le site.<\/p>\n<p>Pour ne pas g\u00eaner les observations en cours, il est recommand\u00e9 de ne pas mettre les pleins phares en arrivant \u00e0 l&rsquo;observatoire.<\/p>\n<p>L&rsquo;usage des lampes blanches au cous des observations est interdit, seuls les moniteurs peuvent les utiliser \u00e0 des fins p\u00e9dagogiques. Sont autoris\u00e9es de petites lampes de faibles intensit\u00e9 color\u00e9es en rouge.<\/p>\n<p>Les instruments personnels sont sous l&rsquo;unique responsabilit\u00e9 de leurs propri\u00e9taires.<\/p>\n<p>La SASL se r\u00e9serve le droit, en cas de non respect de ce r\u00e8glement, \u00e0 l&rsquo;exclusion de la ou des personne(s) concern\u00e9es qui pourraient, de surcro\u00eet, s&rsquo;exposer \u00e0 des poursuites.<\/p>\n","protected":false},"excerpt":{"rendered":"<p>Pour nous rejoindre et pouvoir vous plonger dans la nuit \u00e9toil\u00e9e, c\u2019est tr\u00e8s simple, une adh\u00e9sion vous permettra ...<\/p>","protected":false},"author":1,"featured_media":675,"parent":0,"menu_order":0,"comment_status":"closed","ping_status":"closed","template":"","meta":{"footnotes":""},"class_list":["post-9","page","type-page","status-publish","has-post-thumbnail","hentry"],"_links":{"self":[{"href":"https:\/\/www.sasl71.fr\/index.php\/wp-json\/wp\/v2\/pages\/9","targetHints":{"allow":["GET"]}}],"collection":[{"href":"https:\/\/www.sasl71.fr\/index.php\/wp-json\/wp\/v2\/pages"}],"about":[{"href":"https:\/\/www.sasl71.fr\/index.php\/wp-json\/wp\/v2\/types\/page"}],"author":[{"embeddable":true,"href":"https:\/\/www.sasl71.fr\/index.php\/wp-json\/wp\/v2\/users\/1"}],"replies":[{"embeddable":true,"href":"https:\/\/www.sasl71.fr\/index.php\/wp-json\/wp\/v2\/comments?post=9"}],"version-history":[{"count":6,"href":"https:\/\/www.sasl71.fr\/index.php\/wp-json\/wp\/v2\/pages\/9\/revisions"}],"predecessor-version":[{"id":1461,"href":"https:\/\/www.sasl71.fr\/index.php\/wp-json\/wp\/v2\/pages\/9\/revisions\/1461"}],"wp:featuredmedia":[{"embeddable":true,"href":"https:\/\/www.sasl71.fr\/index.php\/wp-json\/wp\/v2\/media\/675"}],"wp:attachment":[{"href":"https:\/\/www.sasl71.fr\/index.php\/wp-json\/wp\/v2\/media?parent=9"}],"curies":[{"name":"wp","href":"https:\/\/api.w.org\/{rel}","templated":true}]}}