{"id":1468,"date":"2025-08-25T19:32:49","date_gmt":"2025-08-25T17:32:49","guid":{"rendered":"https:\/\/www.sasl71.fr\/?page_id=1468"},"modified":"2025-09-01T19:07:50","modified_gmt":"2025-09-01T17:07:50","slug":"adherer","status":"publish","type":"page","link":"https:\/\/www.sasl71.fr\/index.php\/adherer\/","title":{"rendered":"Adh\u00e9rer"},"content":{"rendered":"\n<div class=\"wp-block-columns is-layout-flex wp-container-core-columns-is-layout-9d6595d7 wp-block-columns-is-layout-flex\">\n<div class=\"wp-block-column is-layout-flow wp-block-column-is-layout-flow\" style=\"flex-basis:100%\">\n<p><a href=\"https:\/\/societe-d-astronomie-de-saone-et-loire.s2.yapla.com\/fr\/espace-membres\/adhesion\/\">Pour adh\u00e9rer ou renouveler votre cotisation pour la p\u00e9riode 2025\/2026, cliquez ici.<\/a><\/p>\n\n\n\n<p><\/p>\n<\/div>\n<\/div>\n\n\n\n<p>Vous aimez lever les yeux vers le ciel, mais vous souhaitez aller plus loin dans la d\u00e9couverte de l\u2019Univers ?<\/p>\n\n\n\n<p>Adh\u00e9rer \u00e0 la SASL, c\u2019est l\u2019occasion id\u00e9ale pour partager cette passion et progresser ensemble.<\/p>\n\n\n\n<p>Le club met \u00e0 votre disposition du mat\u00e9riel performant (t\u00e9lescopes, lunettes, cam\u00e9ras) et vous apprend \u00e0 l\u2019utiliser. Que vous soyez d\u00e9butant ou passionn\u00e9 confirm\u00e9, vous trouverez des conseils adapt\u00e9s \u00e0 votre niveau.<\/p>\n\n\n\n<p>Les soir\u00e9es d\u2019observation sont organis\u00e9es dans de bonnes conditions, sous un bon ciel, pour profiter pleinement de la beaut\u00e9 du ciel \u00e9toil\u00e9. C\u2019est aussi un moment de convivialit\u00e9 !<\/p>\n\n\n\n<p>En rejoignant le club, vous pourrez contribuer \u00e0 des \u00e9v\u00e9nements ouverts au public, et participer \u00e0 la vie de l&rsquo;association et de l&rsquo;observatoire.<\/p>\n\n\n\n<p>Au-del\u00e0 de la science, l\u2019astronomie nourrit la curiosit\u00e9, la culture et la r\u00e9flexion sur notre place dans l\u2019Univers. C\u2019est une aventure intellectuelle et humaine, enrichissante \u00e0 tout \u00e2ge.<\/p>\n\n\n\n<p>Rejoindre la SASL, c\u2019est observer, apprendre, partager et s\u2019\u00e9merveiller ensemble.<br><\/p>\n\n\n\n<p><\/p>\n","protected":false},"excerpt":{"rendered":"<p>Pour adh\u00e9rer ou renouveler votre cotisation pour la p\u00e9riode 2025\/2026, cliquez ici. Vous aimez lever les yeux vers ...<\/p>","protected":false},"author":1,"featured_media":0,"parent":0,"menu_order":8,"comment_status":"closed","ping_status":"closed","template":"","meta":{"footnotes":""},"class_list":["post-1468","page","type-page","status-publish","hentry"],"_links":{"self":[{"href":"https:\/\/www.sasl71.fr\/index.php\/wp-json\/wp\/v2\/pages\/1468","targetHints":{"allow":["GET"]}}],"collection":[{"href":"https:\/\/www.sasl71.fr\/index.php\/wp-json\/wp\/v2\/pages"}],"about":[{"href":"https:\/\/www.sasl71.fr\/index.php\/wp-json\/wp\/v2\/types\/page"}],"author":[{"embeddable":true,"href":"https:\/\/www.sasl71.fr\/index.php\/wp-json\/wp\/v2\/users\/1"}],"replies":[{"embeddable":true,"href":"https:\/\/www.sasl71.fr\/index.php\/wp-json\/wp\/v2\/comments?post=1468"}],"version-history":[{"count":11,"href":"https:\/\/www.sasl71.fr\/index.php\/wp-json\/wp\/v2\/pages\/1468\/revisions"}],"predecessor-version":[{"id":1486,"href":"https:\/\/www.sasl71.fr\/index.php\/wp-json\/wp\/v2\/pages\/1468\/revisions\/1486"}],"wp:attachment":[{"href":"https:\/\/www.sasl71.fr\/index.php\/wp-json\/wp\/v2\/media?parent=1468"}],"curies":[{"name":"wp","href":"https:\/\/api.w.org\/{rel}","templated":true}]}}